{"id":97,"date":"2019-05-04T20:27:08","date_gmt":"2019-05-04T20:27:08","guid":{"rendered":"https:\/\/zahnarzt-neukloster.de\/?page_id=97"},"modified":"2019-05-04T20:27:08","modified_gmt":"2019-05-04T20:27:08","slug":"implantate","status":"publish","type":"page","link":"https:\/\/zahnarzt-neukloster.de\/?page_id=97","title":{"rendered":"Implantate"},"content":{"rendered":"<h3 class=\"western\"><strong>Z\u00e4hne wie neu mit moderner Implantologie<\/strong><\/h3>\n<p align=\"justify\">Der Zahnverlust durch Zahnerkrankungen oder einen Unfall ist f\u00fcr die meisten ein gro\u00dfer Unsicherheitsfaktor. Viele Patienten haben Angst vor den Ver\u00e4nderungen und Einschr\u00e4nkungen, die ein Zahnersatz mit sich bringen k\u00f6nnte. Doch mit Implantaten sind diese Bedenken unbegr\u00fcndet, denn Implantate sind k\u00fcnstliche Zahnwurzeln, die in den Kiefer eingebracht werden. Diese sind so fest und stabil wie \u201eechte\u201c Z\u00e4hne. Mit Implantaten k\u00f6nnen sowohl einzelne Z\u00e4hne als auch ein ganzes Gebiss ersetzt werden. Unter Anderem sind Implantate die ideale M\u00f6glichkeit, um Prothesen zu verankern, sodass auch Prothesentr\u00e4ger von einer Implantation enorm profitieren. Das Sprechen, Lachen und Kauen f\u00fchlt sich nat\u00fcrlich an und die Lebensqualit\u00e4t bleibt erhalten.<\/p>\n<h3><img loading=\"lazy\" decoding=\"async\" class=\"wp-image-98 aligncenter\" src=\"https:\/\/zahnarzt-neukloster.de\/wp-content\/uploads\/2019\/05\/Implantat-300x200.jpg\" alt=\"\" width=\"398\" height=\"266\" srcset=\"https:\/\/zahnarzt-neukloster.de\/wp-content\/uploads\/2019\/05\/Implantat-300x200.jpg 300w, https:\/\/zahnarzt-neukloster.de\/wp-content\/uploads\/2019\/05\/Implantat-272x182.jpg 272w, https:\/\/zahnarzt-neukloster.de\/wp-content\/uploads\/2019\/05\/Implantat.jpg 424w\" sizes=\"auto, (max-width: 398px) 100vw, 398px\" \/><\/h3>\n<h3 class=\"western\"><strong>Periimplantitis-Prophylaxe f\u00fcr den Langzeiterfolg<\/strong><\/h3>\n<p align=\"justify\">Selbstverst\u00e4ndlich stehen wir Ihnen auch nach einer Implantation mit Prophylaxe-Tipps zur Seite. Es muss beachtet werden, dass ein Zahnimplantat, genauso wie ein nat\u00fcrlicher Zahn, regelm\u00e4\u00dfige, h\u00e4usliche Pflege braucht, damit der \u201eneue Zahn\u201c ein Leben lang erhalten bleibt! In seltenen F\u00e4llen kann es am Implantat zu Entz\u00fcndungserscheinungen kommen. Diese k\u00f6nnen bis hin zum Verlust des Implantates f\u00fchren. Deshalb nehmen wir in unserer Zahnarztpraxis die Periimplantitis sehr ernst. Wir empfehlen Ihnen, regelm\u00e4\u00dfige Prophylaxe-Termine zu vereinbaren \u2013 So k\u00f6nnen wir Entz\u00fcndungsprozesse rechtzeitig erkennen und verhindern.<\/p>\n","protected":false},"excerpt":{"rendered":"<p>Z\u00e4hne wie neu mit moderner Implantologie Der Zahnverlust durch Zahnerkrankungen oder einen Unfall ist f\u00fcr die meisten ein gro\u00dfer Unsicherheitsfaktor. Viele Patienten haben Angst vor den Ver\u00e4nderungen und Einschr\u00e4nkungen, die ein Zahnersatz mit sich bringen k\u00f6nnte. Doch mit Implantaten sind diese Bedenken unbegr\u00fcndet, denn Implantate sind k\u00fcnstliche Zahnwurzeln, die in den Kiefer eingebracht werden. Diese<\/p>\n","protected":false},"author":1,"featured_media":0,"parent":73,"menu_order":0,"comment_status":"closed","ping_status":"closed","template":"","meta":{"footnotes":""},"class_list":["post-97","page","type-page","status-publish","hentry"],"_links":{"self":[{"href":"https:\/\/zahnarzt-neukloster.de\/index.php?rest_route=\/wp\/v2\/pages\/97","targetHints":{"allow":["GET"]}}],"collection":[{"href":"https:\/\/zahnarzt-neukloster.de\/index.php?rest_route=\/wp\/v2\/pages"}],"about":[{"href":"https:\/\/zahnarzt-neukloster.de\/index.php?rest_route=\/wp\/v2\/types\/page"}],"author":[{"embeddable":true,"href":"https:\/\/zahnarzt-neukloster.de\/index.php?rest_route=\/wp\/v2\/users\/1"}],"replies":[{"embeddable":true,"href":"https:\/\/zahnarzt-neukloster.de\/index.php?rest_route=%2Fwp%2Fv2%2Fcomments&post=97"}],"version-history":[{"count":4,"href":"https:\/\/zahnarzt-neukloster.de\/index.php?rest_route=\/wp\/v2\/pages\/97\/revisions"}],"predecessor-version":[{"id":155,"href":"https:\/\/zahnarzt-neukloster.de\/index.php?rest_route=\/wp\/v2\/pages\/97\/revisions\/155"}],"up":[{"embeddable":true,"href":"https:\/\/zahnarzt-neukloster.de\/index.php?rest_route=\/wp\/v2\/pages\/73"}],"wp:attachment":[{"href":"https:\/\/zahnarzt-neukloster.de\/index.php?rest_route=%2Fwp%2Fv2%2Fmedia&parent=97"}],"curies":[{"name":"wp","href":"https:\/\/api.w.org\/{rel}","templated":true}]}}