{"id":81,"date":"2019-04-28T18:45:24","date_gmt":"2019-04-28T18:45:24","guid":{"rendered":"https:\/\/zahnarzt-neukloster.de\/?page_id=81"},"modified":"2019-04-28T18:45:24","modified_gmt":"2019-04-28T18:45:24","slug":"cerec","status":"publish","type":"page","link":"https:\/\/zahnarzt-neukloster.de\/?page_id=81","title":{"rendered":"Cerec"},"content":{"rendered":"<h2>Cerec<\/h2>\n<h3>digital erstellte Vollkeramikkronen oder Inlays<\/h3>\n<p>Cerec steht f\u00fcr CEramic REConstruction, also das Wiederherstellen von Z\u00e4hnen durch Keramik.<\/p>\n<p align=\"justify\">Entsteht nach Entfernung einer Karies\u00a0oder einer alten F\u00fcllung ein Defekt, muss dieser wieder verschlossen werden. Neben den plastischen F\u00fcllungsmaterialien wie Amalgam oder Kunststoff steht uns mit der dentalen Keramik ein metallfreies, hoch \u00e4sthetisches, biokompatibles und langlebiges Material zur Verf\u00fcgung. Um die Keramik passgenau f\u00fcr den Defekt herzustellen kommt das Cerec zum Einsatz. Dabei wird mit Hilfe einer 3D Kamera ein digitales Modell der Z\u00e4hne erstellt. Auf diesem Modell wird in einer Spezialsoftware ein neuer Zahn designt. Dieser Prozess dauert etwa 10-20 Minuten. Die digital konstruierte Zahnkrone oder das Inlay wird in einer speziellen Schleifmaschine aus einem Keramikblock gefr\u00e4st, welcher genau der Zahnfarbe entspricht. Anschlie\u00dfend kann das Keramikwerkst\u00fcck direkt eingeklebt werden. Auf Grund des digitalen Arbeitsablaufes kann in vielen F\u00e4llen ein Zahn in einer Sitzung wiederhergestellt werden und dem Patienten wird das unangenehme Tragen eines Provisoriums und eine weitere Bet\u00e4ubung erspart. Weiterhin entf\u00e4llt durch die 3D-Aufnahme in vielen F\u00e4llen der unangenehme Abdruck mit einem Abforml\u00f6ffel<\/p>\n<p><img loading=\"lazy\" decoding=\"async\" class=\" wp-image-82 alignright\" src=\"https:\/\/zahnarzt-neukloster.de\/wp-content\/uploads\/2019\/04\/Cerec2-300x288.jpg\" alt=\"\" width=\"438\" height=\"423\" \/><\/p>\n<p>Die Vorteile von Cerec sind:<br \/>\n-eine hohe Biokompatibilit\u00e4t der Keramik<br \/>\n-die metallfreie Rekonstruktion der Z\u00e4hnen<br \/>\n-eine lange Haltbarkeit der Versorgung<br \/>\n-eine exzellente \u00c4sthetik<br \/>\n-eine Versorgung oftmals in einer Sitzung<br \/>\n-der Verzicht auf die Abformung (den Abduck)<\/p>\n","protected":false},"excerpt":{"rendered":"<p>Cerec digital erstellte Vollkeramikkronen oder Inlays Cerec steht f\u00fcr CEramic REConstruction, also das Wiederherstellen von Z\u00e4hnen durch Keramik. Entsteht nach Entfernung einer Karies\u00a0oder einer alten F\u00fcllung ein Defekt, muss dieser wieder verschlossen werden. Neben den plastischen F\u00fcllungsmaterialien wie Amalgam oder Kunststoff steht uns mit der dentalen Keramik ein metallfreies, hoch \u00e4sthetisches, biokompatibles und langlebiges Material<\/p>\n","protected":false},"author":1,"featured_media":0,"parent":73,"menu_order":0,"comment_status":"closed","ping_status":"closed","template":"","meta":{"footnotes":""},"class_list":["post-81","page","type-page","status-publish","hentry"],"_links":{"self":[{"href":"https:\/\/zahnarzt-neukloster.de\/index.php?rest_route=\/wp\/v2\/pages\/81","targetHints":{"allow":["GET"]}}],"collection":[{"href":"https:\/\/zahnarzt-neukloster.de\/index.php?rest_route=\/wp\/v2\/pages"}],"about":[{"href":"https:\/\/zahnarzt-neukloster.de\/index.php?rest_route=\/wp\/v2\/types\/page"}],"author":[{"embeddable":true,"href":"https:\/\/zahnarzt-neukloster.de\/index.php?rest_route=\/wp\/v2\/users\/1"}],"replies":[{"embeddable":true,"href":"https:\/\/zahnarzt-neukloster.de\/index.php?rest_route=%2Fwp%2Fv2%2Fcomments&post=81"}],"version-history":[{"count":3,"href":"https:\/\/zahnarzt-neukloster.de\/index.php?rest_route=\/wp\/v2\/pages\/81\/revisions"}],"predecessor-version":[{"id":85,"href":"https:\/\/zahnarzt-neukloster.de\/index.php?rest_route=\/wp\/v2\/pages\/81\/revisions\/85"}],"up":[{"embeddable":true,"href":"https:\/\/zahnarzt-neukloster.de\/index.php?rest_route=\/wp\/v2\/pages\/73"}],"wp:attachment":[{"href":"https:\/\/zahnarzt-neukloster.de\/index.php?rest_route=%2Fwp%2Fv2%2Fmedia&parent=81"}],"curies":[{"name":"wp","href":"https:\/\/api.w.org\/{rel}","templated":true}]}}