{"id":59,"date":"2019-04-15T11:45:27","date_gmt":"2019-04-15T11:45:27","guid":{"rendered":"http:\/\/zahnarzt-neukloster.de\/?page_id=59"},"modified":"2025-03-24T18:04:02","modified_gmt":"2025-03-24T18:04:02","slug":"impressum","status":"publish","type":"page","link":"https:\/\/zahnarzt-neukloster.de\/?page_id=59","title":{"rendered":"Impressum"},"content":{"rendered":"<div id=\"pl-59\"  class=\"panel-layout\" ><div id=\"pg-59-0\"  class=\"panel-grid panel-has-style\" ><div class=\"divider-no-animation panel-row-style panel-row-style-for-59-0\" ><div id=\"pgc-59-0-0\"  class=\"panel-grid-cell\" ><div id=\"panel-59-0-0-0\" class=\"so-panel widget widget_text panel-first-child panel-last-child\" data-index=\"0\" ><div class=\"orion custom default panel-widget-style panel-widget-style-for-59-0-0-0\" >\t\t\t<div class=\"textwidget\"><div id=\"page\" class=\"csstransition cmsms_liquid enable_header_bottom cmsms_heading_after_header hfeed site\">\n<div id=\"main\">\n<div id=\"middle\">\n<div class=\"middle_inner\">\n<div class=\"content_wrap fullwidth\">\n<div class=\"sidebar_sep\">\n<div class=\"middle_content entry\" role=\"main\">\n<table border=\"0\" cellspacing=\"0\" cellpadding=\"0\">\n<tbody>\n<tr>\n<td valign=\"top\"><strong>Inhaltliche Verantwortung:<br \/>\n<\/strong>Dr. Anke WellyDr. Daniel WellyInhaltlich Verantwortlicher gem\u00e4\u00df<\/p>\n<p>\u00a7 10 Absatz3 MDStV: Dr. Daniel Welly<\/p>\n<p>&nbsp;<\/td>\n<td><\/td>\n<td valign=\"top\"><strong>Praxisanschrift:<br \/>\n<\/strong>Zahnarztpraxis Dr. Daniel WellyKlosterstra\u00dfe 3b \u2013 23992 NeuklosterTel.: (038422) 25692<\/p>\n<p>eMail: <span id=\"cloak9475\"><a href=\"mailto:info@zahnarzt-neukloster.de\">info@zahnarzt-neukloster.de<\/a><\/span><\/p>\n<p>Web: <a href=\"..\/index.html\">www.zahnarzt-neukloster.de<\/a><\/td>\n<\/tr>\n<tr>\n<td colspan=\"3\"><strong>Zust\u00e4ndige kassenzahn\u00e4rztliche Vereinigung:<\/strong>Kassenzahn\u00e4rztliche Vereinigung Mecklenburg-Vorpommer, Wismarsche Stra\u00dfe 304 \u2013 19055 Schwerin<\/p>\n<p>eMail: <span id=\"cloak54137\"><a href=\"mailto:oeffentlichkeitsarbeit@kzvmv.de\">oeffentlichkeitsarbeit@kzvmv.de<\/a><\/span>, Web: <a href=\"http:\/\/www.zahnaerzte-mv.de\/\" target=\"_blank\" rel=\"noopener\">www.zahnaerzte-mv.de<\/a><\/p>\n<p><strong>Zust\u00e4ndige Kammer:<\/strong><\/p>\n<p>Zahn\u00e4rztekammer Mecklenburg-Vorpommern, Wimarsche Stra\u00dfe 304 \u2013 19055 Schwerin<\/p>\n<p>eMail: <span id=\"cloak29692\"><a href=\"mailto:sekretariat@zaekmv.de\">sekretariat@zaekmv.de<\/a><\/span>, Web: <a href=\"http:\/\/www.zahnaerzte-mv.de\/\" target=\"_blank\" rel=\"noopener\">www.zahnaerzte-mv.de<\/a><\/p>\n<p><strong>Geltendes Berufsrecht: <\/strong><\/p>\n<p>Berufsordnung der Zahn\u00e4rztekammer Mecklenburg-Vorpommern<\/p>\n<p><strong>Haftungshinweis: <\/strong><\/p>\n<p>Trotz sorgf\u00e4ltiger inhaltlicher Kontrolle \u00fcbernehmen wir keine Haftung f\u00fcr die Inhalte externer Links.<\/p>\n<p>F\u00fcr den Inhalt der verlinkten Seiten sind ausschlie\u00dflich deren Betreiber verantwortlich.<\/p>\n<p>&nbsp;<\/td>\n<\/tr>\n<tr>\n<td><strong>Fotoquellen:<br \/>\n<\/strong>Privat Dr. Welly<br \/>\nFotolia.com<br \/>\nNicole Fedtke<br \/>\nSandra Pegel<\/td>\n<td><\/td>\n<td align=\"left\" valign=\"top\"><strong>\u00a0<\/strong><\/td>\n<\/tr>\n<\/tbody>\n<\/table>\n<p>&nbsp;<\/p>\n<hr \/>\n<p class=\"small\"><span style=\"font-size: 10pt;\"><strong>Haftungshinweis:<\/strong><\/span><br \/>\n<span style=\"font-size: 10pt;\">Trotz sorgf\u00e4ltiger inhaltlicher Kontrolle \u00fcbernehmen wir keine Haftung f\u00fcr die Inhalte externer Links. F\u00fcr den Inhalt der verlinkten Seiten sind ausschlie\u00dflich deren Betreiber verantwortlich.<\/span><br \/>\n<span style=\"font-size: 10pt;\">Als Diensteanbieter sind wir gem\u00e4\u00df \u00a7 7 Abs.1 TMG f\u00fcr eigene Inhalte auf diesen Seiten nach den allgemeinen Gesetzen verantwortlich. Nach \u00a7\u00a7 8 bis 10 TMG sind wir als Diensteanbieter jedoch nicht verpflichtet, \u00fcbermittelte oder gespeicherte fremde Informationen zu \u00fcberwachen oder nach Umst\u00e4nden zu forschen, die auf eine rechtswidrige T\u00e4tigkeit hinweisen. Verpflichtungen zur Entfernung oder Sperrung der Nutzung von Informationen nach den allgemeinen Gesetzen bleiben hiervon unber\u00fchrt. Eine diesbez\u00fcgliche Haftung ist jedoch erst ab dem Zeitpunkt der Kenntnis einer konkreten Rechtsverletzung m\u00f6glich. Bei Bekanntwerden von entsprechenden Rechtsverletzungen werden wir diese Inhalte umgehend entfernen.<\/span><br \/>\n<span style=\"font-size: 10pt;\">\u00a0<\/span><br \/>\n<span style=\"font-size: 10pt;\"><strong>Haftung f\u00fcr Links<\/strong><\/span><br \/>\n<span style=\"font-size: 10pt;\">Unser Angebot enth\u00e4lt Links zu externen Webseiten Dritter, auf deren Inhalte wir keinen Einfluss haben. Deshalb k\u00f6nnen wir f\u00fcr diese fremden Inhalte auch keine Gew\u00e4hr \u00fcbernehmen. F\u00fcr die Inhalte der verlinkten Seiten ist stets der jeweilige Anbieter oder Betreiber der Seiten verantwortlich. Die verlinkten Seiten wurden zum Zeitpunkt der Verlinkung auf m\u00f6gliche Rechtsverst\u00f6\u00dfe \u00fcberpr\u00fcft. Rechtswidrige Inhalte waren zum Zeitpunkt der Verlinkung nicht erkennbar. Eine permanente inhaltliche Kontrolle der verlinkten Seiten ist jedoch ohne konkrete Anhaltspunkte einer Rechtsverletzung nicht zumutbar. Bei Bekanntwerden von Rechtsverletzungen werden wir derartige Links umgehend entfernen.<\/span><\/p>\n<p><span style=\"font-size: 10pt;\"><strong>Urheberrecht<\/strong><\/span><br \/>\n<span style=\"font-size: 10pt;\">Die durch die Seitenbetreiber erstellten Inhalte und Werke auf diesen Seiten unterliegen dem deutschen Urheberrecht. Die Vervielf\u00e4ltigung, Bearbeitung, Verbreitung und jede Art der Verwertung au\u00dferhalb der Grenzen des Urheberrechtes bed\u00fcrfen der schriftlichen Zustimmung des jeweiligen Autors bzw. Erstellers. Downloads und Kopien dieser Seite sind nur f\u00fcr den privaten, nicht kommerziellen Gebrauch gestattet. Soweit die Inhalte auf dieser Seite nicht vom Betreiber erstellt wurden, werden die Urheberrechte Dritter beachtet. Insbesondere werden Inhalte Dritter als solche gekennzeichnet. Sollten Sie trotzdem auf eine Urheberrechtsverletzung aufmerksam werden, bitten wir um einen entsprechenden Hinweis. Bei Bekanntwerden von Rechtsverletzungen werden wir derartige Inhalte umgehend entfernen.<\/span><br \/>\n<span style=\"font-size: 10pt;\">\u00a0<\/span><br \/>\n<span style=\"font-size: 10pt;\"><strong>Datenschutz<\/strong><\/span><br \/>\n<span style=\"font-size: 10pt;\">Die Nutzung unserer Webseite ist in der Regel ohne Angabe personenbezogener Daten m\u00f6glich. Soweit auf unseren Seiten personenbezogene Daten (beispielsweise Name, Anschrift oder eMail-Adressen) erhoben werden, erfolgt dies, soweit m\u00f6glich, stets auf freiwilliger Basis. Diese Daten werden ohne Ihre ausdr\u00fcckliche Zustimmung nicht an Dritte weitergegeben.<\/span><\/p>\n<p><span style=\"font-size: 10pt;\">Wir weisen darauf hin, dass die Daten\u00fcbertragung im Internet (z.B. bei der Kommunikation per E-Mail) Sicherheitsl\u00fccken aufweisen kann. Ein l\u00fcckenloser Schutz der Daten vor dem Zugriff durch Dritte ist nicht m\u00f6glich.<\/span><\/p>\n<p><span style=\"font-size: 10pt;\">Der Nutzung von im Rahmen der Impressumspflicht ver\u00f6ffentlichten Kontaktdaten durch Dritte zur \u00dcbersendung von nicht ausdr\u00fccklich angeforderter Werbung und Informationsmaterialien wird hiermit ausdr\u00fccklich widersprochen. Die Betreiber der Seiten behalten sich ausdr\u00fccklich rechtliche Schritte im Falle der unverlangten Zusendung von Werbeinformationen, etwa durch Spam-Mails, vor.<\/span><br \/>\n<span style=\"font-size: 10pt;\">\u00a0<\/span><br \/>\n<span style=\"font-size: 10pt;\"><strong>Datenschutzerkl\u00e4rung f\u00fcr die Nutzung von Google Analytics<\/strong><\/span><br \/>\nDiese Website benutzt Google Analytics, einen Webanalysedienst der Google Inc. (\u201eGoogle\u201c). Google Analytics verwendet sog. \u201eCookies\u201c, Textdateien, die auf Ihrem Computer gespeichert werden und die eine Analyse der Benutzung der Website durch Sie erm\u00f6glicht. Die durch den Cookie erzeugten Informationen \u00fcber Ihre Benutzung dieser Website (einschlie\u00dflich Ihrer IP-Adresse) wird an einen Server von Google in den USA \u00fcbertragen und dort gespeichert.<br \/>\n<span style=\"font-size: 10pt;\">\u00a0<\/span><br \/>\nGoogle wird diese Informationen benutzen, um Ihre Nutzung der Website auszuwerten, um Reports \u00fcber die Websiteaktivit\u00e4ten f\u00fcr die Websitebetreiber zusammenzustellen und um weitere mit der Websitenutzung und der Internetnutzung verbundene Dienstleistungen zu erbringen. Auch wird Google diese Informationen gegebenenfalls an Dritte \u00fcbertragen, sofern dies gesetzlich vorgeschrieben ist oder soweit Dritte diese Daten im Auftrag von Google verarbeiten. Google wird in keinem Fall Ihre IP-Adresse mit anderen Daten der Google Inc. in Verbindung bringen.<\/p>\n<p><span style=\"font-size: 10pt;\">Sie k\u00f6nnen die Speicherung der Cookies durch eine entsprechende Einstellung Ihrer Browser-Software verhindern; wir weisen Sie jedoch darauf hin, dass Sie in diesem Fall gegebenenfalls nicht s\u00e4mtliche Funktionen dieser Website vollumf\u00e4nglich werden nutzen k\u00f6nnen. Sie k\u00f6nnen dar\u00fcber hinaus die Erfassung der durch das Cookie erzeugten und auf Ihre Nutzung der Website bezogenen Daten (inkl. Ihrer IP-Adresse) an Google sowie die Verarbeitung dieser Daten durch Google verhindern, indem sie das unter dem folgenden Link verf\u00fcgbare Browser-Plugin herunterladen und installieren:\u00a0 <a href=\"http:\/\/tools.google.com\/dlpage\/gaoptout?hl=de.\" target=\"_blank\" rel=\"noopener\">http:\/\/tools.google.com\/dlpage\/gaoptout?hl=de.<\/a><\/span><\/p>\n<\/div>\n<\/div>\n<\/div>\n<\/div>\n<\/div>\n<\/div>\n<\/div>\n<\/div>\n\t\t<\/div><\/div><\/div><\/div><\/div><\/div>","protected":false},"excerpt":{"rendered":"<p>Inhaltliche Verantwortung: Dr. Anke WellyDr. Daniel WellyInhaltlich Verantwortlicher gem\u00e4\u00df \u00a7 10 Absatz3 MDStV: Dr. Daniel Welly &nbsp; Praxisanschrift: Zahnarztpraxis Dr. Daniel WellyKlosterstra\u00dfe 3b \u2013 23992 NeuklosterTel.: (038422) 25692 eMail: info@zahnarzt-neukloster.de Web: www.zahnarzt-neukloster.de Zust\u00e4ndige kassenzahn\u00e4rztliche Vereinigung:Kassenzahn\u00e4rztliche Vereinigung Mecklenburg-Vorpommer, Wismarsche Stra\u00dfe 304 \u2013 19055 Schwerin eMail: oeffentlichkeitsarbeit@kzvmv.de, Web: www.zahnaerzte-mv.de Zust\u00e4ndige Kammer: Zahn\u00e4rztekammer Mecklenburg-Vorpommern, Wimarsche Stra\u00dfe 304 \u2013<\/p>\n","protected":false},"author":1,"featured_media":0,"parent":9,"menu_order":1,"comment_status":"closed","ping_status":"closed","template":"","meta":{"footnotes":""},"class_list":["post-59","page","type-page","status-publish","hentry"],"_links":{"self":[{"href":"https:\/\/zahnarzt-neukloster.de\/index.php?rest_route=\/wp\/v2\/pages\/59","targetHints":{"allow":["GET"]}}],"collection":[{"href":"https:\/\/zahnarzt-neukloster.de\/index.php?rest_route=\/wp\/v2\/pages"}],"about":[{"href":"https:\/\/zahnarzt-neukloster.de\/index.php?rest_route=\/wp\/v2\/types\/page"}],"author":[{"embeddable":true,"href":"https:\/\/zahnarzt-neukloster.de\/index.php?rest_route=\/wp\/v2\/users\/1"}],"replies":[{"embeddable":true,"href":"https:\/\/zahnarzt-neukloster.de\/index.php?rest_route=%2Fwp%2Fv2%2Fcomments&post=59"}],"version-history":[{"count":7,"href":"https:\/\/zahnarzt-neukloster.de\/index.php?rest_route=\/wp\/v2\/pages\/59\/revisions"}],"predecessor-version":[{"id":217,"href":"https:\/\/zahnarzt-neukloster.de\/index.php?rest_route=\/wp\/v2\/pages\/59\/revisions\/217"}],"up":[{"embeddable":true,"href":"https:\/\/zahnarzt-neukloster.de\/index.php?rest_route=\/wp\/v2\/pages\/9"}],"wp:attachment":[{"href":"https:\/\/zahnarzt-neukloster.de\/index.php?rest_route=%2Fwp%2Fv2%2Fmedia&parent=59"}],"curies":[{"name":"wp","href":"https:\/\/api.w.org\/{rel}","templated":true}]}}