{"id":49,"date":"2019-04-14T20:32:03","date_gmt":"2019-04-14T20:32:03","guid":{"rendered":"http:\/\/zahnarzt-neukloster.de\/?page_id=49"},"modified":"2023-02-04T12:55:05","modified_gmt":"2023-02-04T12:55:05","slug":"praxisphilosophie","status":"publish","type":"page","link":"https:\/\/zahnarzt-neukloster.de\/?page_id=49","title":{"rendered":"Praxisphilosophie"},"content":{"rendered":"<div id=\"pl-49\"  class=\"panel-layout\" ><div id=\"pg-49-0\"  class=\"panel-grid panel-has-style\" ><div class=\"divider-no-animation tablet-default mobile-1-in-row desktop-default panel-row-style panel-row-style-for-49-0\" ><div id=\"pgc-49-0-0\"  class=\"panel-grid-cell\" ><div id=\"panel-49-0-0-0\" class=\"so-panel widget widget_text panel-first-child panel-last-child\" data-index=\"0\" ><div class=\"orion custom default panel-widget-style panel-widget-style-for-49-0-0-0\" ><h3 class=\"widget-title\">GESUNDE \u00c4STHETISCHE Z\u00c4HNE \u2013 EIN LEBEN LANG.<\/h3>\t\t\t<div class=\"textwidget\"><p>Nach diesem Leitsatz richtet sich unser t\u00e4gliches Bestreben f\u00fcr Ihre Mundgesundheit.<\/p>\n<p>Im Vordergrund steht f\u00fcr uns die Pr\u00e4vention von Erkrankungen der Z\u00e4hne, des Zahnhalteapparates und der Mundschleimhaut. Ein wichtiger Baustein sind dabei regelm\u00e4\u00dfige Kontroll- und Prophylaxetermine. Im Falle einer diagnostizierten Karies oder Parodontitis (Entz\u00fcndung des Zahnfleisches), gilt unser ganzes Augenmerk der m\u00f6glichst vollst\u00e4ndigen Rehabilitation Ihrer Z\u00e4hne.<\/p>\n<p>Durch fortw\u00e4hrende umfangreiche Fortbildungen bieten wir Zahnmedizin auf hohem wissenschaftlichen und fachlichen Niveau. Profitieren Sie von 3 Zahn\u00e4rzten und der damit geb\u00fcndelten Kompetenz in unserer Praxis.<\/p>\n<\/div>\n\t\t<\/div><\/div><\/div><div id=\"pgc-49-0-1\"  class=\"panel-grid-cell\" ><div id=\"panel-49-0-1-0\" class=\"so-panel widget widget_media_image panel-first-child panel-last-child\" data-index=\"1\" ><div class=\"orion custom default panel-widget-style panel-widget-style-for-49-0-1-0\" ><img loading=\"lazy\" decoding=\"async\" width=\"300\" height=\"200\" src=\"https:\/\/zahnarzt-neukloster.de\/wp-content\/uploads\/2023\/01\/PraxisWelly-5577-300x200.jpg\" class=\"image wp-image-178  attachment-medium size-medium\" alt=\"\" style=\"max-width: 100%; height: auto;\" srcset=\"https:\/\/zahnarzt-neukloster.de\/wp-content\/uploads\/2023\/01\/PraxisWelly-5577-300x200.jpg 300w, https:\/\/zahnarzt-neukloster.de\/wp-content\/uploads\/2023\/01\/PraxisWelly-5577-1024x681.jpg 1024w, https:\/\/zahnarzt-neukloster.de\/wp-content\/uploads\/2023\/01\/PraxisWelly-5577-768x511.jpg 768w, https:\/\/zahnarzt-neukloster.de\/wp-content\/uploads\/2023\/01\/PraxisWelly-5577-1536x1022.jpg 1536w, https:\/\/zahnarzt-neukloster.de\/wp-content\/uploads\/2023\/01\/PraxisWelly-5577-2048x1363.jpg 2048w, https:\/\/zahnarzt-neukloster.de\/wp-content\/uploads\/2023\/01\/PraxisWelly-5577-750x499.jpg 750w, https:\/\/zahnarzt-neukloster.de\/wp-content\/uploads\/2023\/01\/PraxisWelly-5577-272x182.jpg 272w\" sizes=\"auto, (max-width: 300px) 100vw, 300px\" \/><\/div><\/div><\/div><\/div><\/div><div id=\"pg-49-1\"  class=\"panel-grid panel-has-style\" ><div class=\"divider-no-animation tablet-default mobile-default desktop-default custom panel-row-style panel-row-style-for-49-1\" ><div id=\"pgc-49-1-0\"  class=\"panel-grid-cell\" ><div id=\"panel-49-1-0-0\" class=\"so-panel widget widget_orion_empty_space_w panel-first-child\" data-index=\"2\" ><div class=\"orion custom default panel-widget-style panel-widget-style-for-49-1-0-0\" ><div\n\t\t\t\n\t\t\tclass=\"so-widget-orion_empty_space_w so-widget-orion_empty_space_w-base\"\n\t\t\t\n\t\t>\t<div class=\"row empty-space visible-lg visible-md visible-sm visible-xs\" style=\"height:24px;\">\r\n\t<\/div><\/div><\/div><\/div><div id=\"panel-49-1-0-1\" class=\"so-panel widget widget_orion_responsive_video_w panel-last-child\" data-index=\"3\" ><div class=\"orion custom remove-margin-tablet remove-margin-mobile default panel-widget-style panel-widget-style-for-49-1-0-1\" ><div\n\t\t\t\n\t\t\tclass=\"so-widget-orion_responsive_video_w so-widget-orion_responsive_video_w-base\"\n\t\t\t\n\t\t>\t\t\t\t\t\t<div class=\"wrapper shadow-4\">\t\t\t\r\n\t\t\t\t\t<div class=\"video embed-responsive embed-responsive-16by9\">\r\n\t\t\t\t<iframe loading=\"lazy\" title=\"Zahni in MV - Weil die Uhren hier anders ticken (Teil 5): Die Wellys, Dr. Anke und Dr. Daniel Welly\" width=\"1140\" height=\"641\" src=\"https:\/\/www.youtube.com\/embed\/_TgTMdDKqqY?feature=oembed\" frameborder=\"0\" allow=\"accelerometer; autoplay; clipboard-write; encrypted-media; gyroscope; picture-in-picture; web-share\" referrerpolicy=\"strict-origin-when-cross-origin\" allowfullscreen><\/iframe>\t\t\t<\/div>\r\n\t\t\t\t\t<\/div>\r\n\t\t\t<\/div><\/div><\/div><\/div><\/div><\/div><\/div>","protected":false},"excerpt":{"rendered":"<p>Nach diesem Leitsatz richtet sich unser t\u00e4gliches Bestreben f\u00fcr Ihre Mundgesundheit. Im Vordergrund steht f\u00fcr uns die Pr\u00e4vention von Erkrankungen der Z\u00e4hne, des Zahnhalteapparates und der Mundschleimhaut. Ein wichtiger Baustein sind dabei regelm\u00e4\u00dfige Kontroll- und Prophylaxetermine. Im Falle einer diagnostizierten Karies oder Parodontitis (Entz\u00fcndung des Zahnfleisches), gilt unser ganzes Augenmerk der m\u00f6glichst vollst\u00e4ndigen Rehabilitation Ihrer<\/p>\n","protected":false},"author":1,"featured_media":0,"parent":0,"menu_order":0,"comment_status":"closed","ping_status":"closed","template":"","meta":{"footnotes":""},"class_list":["post-49","page","type-page","status-publish","hentry"],"_links":{"self":[{"href":"https:\/\/zahnarzt-neukloster.de\/index.php?rest_route=\/wp\/v2\/pages\/49","targetHints":{"allow":["GET"]}}],"collection":[{"href":"https:\/\/zahnarzt-neukloster.de\/index.php?rest_route=\/wp\/v2\/pages"}],"about":[{"href":"https:\/\/zahnarzt-neukloster.de\/index.php?rest_route=\/wp\/v2\/types\/page"}],"author":[{"embeddable":true,"href":"https:\/\/zahnarzt-neukloster.de\/index.php?rest_route=\/wp\/v2\/users\/1"}],"replies":[{"embeddable":true,"href":"https:\/\/zahnarzt-neukloster.de\/index.php?rest_route=%2Fwp%2Fv2%2Fcomments&post=49"}],"version-history":[{"count":11,"href":"https:\/\/zahnarzt-neukloster.de\/index.php?rest_route=\/wp\/v2\/pages\/49\/revisions"}],"predecessor-version":[{"id":205,"href":"https:\/\/zahnarzt-neukloster.de\/index.php?rest_route=\/wp\/v2\/pages\/49\/revisions\/205"}],"wp:attachment":[{"href":"https:\/\/zahnarzt-neukloster.de\/index.php?rest_route=%2Fwp%2Fv2%2Fmedia&parent=49"}],"curies":[{"name":"wp","href":"https:\/\/api.w.org\/{rel}","templated":true}]}}