{"id":112,"date":"2019-05-04T20:47:55","date_gmt":"2019-05-04T20:47:55","guid":{"rendered":"https:\/\/zahnarzt-neukloster.de\/?page_id=112"},"modified":"2019-05-04T20:48:32","modified_gmt":"2019-05-04T20:48:32","slug":"parodontitstherapie","status":"publish","type":"page","link":"https:\/\/zahnarzt-neukloster.de\/?page_id=112","title":{"rendered":"Parodontitstherapie"},"content":{"rendered":"<h3>H\u00e4ufigkeit und Entstehung<\/h3>\n<p align=\"justify\">Chronische Entz\u00fcndungen des Zahnfleisches bzw. entz\u00fcndliche Erkrankungen des Zahnhalteapparates, verursacht durch bakteriellen Zahnbelag, sind eine der h\u00e4ufigsten Gr\u00fcnde f\u00fcr Zahnverlust. Etwa 52% der 35- bis 44j\u00e4hrigen leiden an einer mittelschweren Form der Parodontitis, 20,5% bereits an einer schweren Form. In der Gruppe der Senioren (&gt;65 Jahre) leiden 48% an einer mittelschweren und 39,8% an einer schweren Parodontitis (V Deutsche Mundgesundheitsstudie).<\/p>\n<p align=\"justify\">Oft ist die t\u00e4gliche Mundpflege nicht ausreichend, um den Zahnbelag vollst\u00e4ndig zu entfernen. Es kommt zur Bildung von Zahnstein. Dieser formt sich bis tief unter das Zahnfleisch und setzt sich als sogenannte Konkremente fest.<\/p>\n<p align=\"justify\">Als Abwehrprozess gegen diese Konkremente kommt es zu einer Entz\u00fcndungsreaktion und es bilden sich Zahnfleischtaschen. Bleibt solch eine chronische Entz\u00fcndung unbehandelt, k\u00f6nnen die verantwortlichen Bakterien sogar in den K\u00f6rper gelangen und zu weiteren Erkrankungen f\u00fchren.<\/p>\n<p align=\"justify\">Deshalb ist es wichtig, eine beginnende Parodontitis rechtzeitig zu erkennen und wirksam zu behandeln. Durch eine Parodontitisbehandlung heilen chronische Entz\u00fcndungen in der Regel vollst\u00e4ndig aus.<\/p>\n<p lang=\"\"><img loading=\"lazy\" decoding=\"async\" class=\"size-medium wp-image-113 alignright\" src=\"https:\/\/zahnarzt-neukloster.de\/wp-content\/uploads\/2019\/05\/PA-Sonde-300x200.jpg\" alt=\"\" width=\"300\" height=\"200\" srcset=\"https:\/\/zahnarzt-neukloster.de\/wp-content\/uploads\/2019\/05\/PA-Sonde-300x200.jpg 300w, https:\/\/zahnarzt-neukloster.de\/wp-content\/uploads\/2019\/05\/PA-Sonde-272x182.jpg 272w, https:\/\/zahnarzt-neukloster.de\/wp-content\/uploads\/2019\/05\/PA-Sonde.jpg 425w\" sizes=\"auto, (max-width: 300px) 100vw, 300px\" \/><\/p>\n<h3>Therapie<\/h3>\n<p align=\"justify\">Bevor wir eine Parodontitisbehandlung durchf\u00fchren, reinigen wir die Zahnfleischtaschen mittels einer Professionellen Zahnreinigung (PZR) vor und erstellen einen Behandlungsplan.<\/p>\n<p align=\"justify\">Die Parodontitisbehandlung erfolgt in der Regel in zwei Sitzungen. Hier werden die Konkremente (Ablagerungen) komplett von der Zahnwurzeloberfl\u00e4che entfernt. Duch das Entfernen der Konkremente wird die bakterielle Belastung deutlich gesenkt und es kann zu einem Ausheilen der Entz\u00fcndung kommen.<\/p>\n<p align=\"justify\">Damit in Zukunft die Parodontits nicht erneut auftritt, geben wir unseren Patienten in der Nachbehandlung umfangreiche Tipps f\u00fcr eine vorbeugende Mundhygiene an die Hand. Wir empfehlen unseren Patienten, neben der zahn\u00e4rztlichen Nachkontrollen auch eine PZR regelm\u00e4\u00dfig durchf\u00fchren zu lassen. Langzeitstudien belegen, dass damit das Risiko einer Folgeerkrankung erheblich sinkt.<\/p>\n","protected":false},"excerpt":{"rendered":"<p>H\u00e4ufigkeit und Entstehung Chronische Entz\u00fcndungen des Zahnfleisches bzw. entz\u00fcndliche Erkrankungen des Zahnhalteapparates, verursacht durch bakteriellen Zahnbelag, sind eine der h\u00e4ufigsten Gr\u00fcnde f\u00fcr Zahnverlust. Etwa 52% der 35- bis 44j\u00e4hrigen leiden an einer mittelschweren Form der Parodontitis, 20,5% bereits an einer schweren Form. In der Gruppe der Senioren (&gt;65 Jahre) leiden 48% an einer mittelschweren und<\/p>\n","protected":false},"author":1,"featured_media":0,"parent":73,"menu_order":0,"comment_status":"closed","ping_status":"closed","template":"","meta":{"footnotes":""},"class_list":["post-112","page","type-page","status-publish","hentry"],"_links":{"self":[{"href":"https:\/\/zahnarzt-neukloster.de\/index.php?rest_route=\/wp\/v2\/pages\/112","targetHints":{"allow":["GET"]}}],"collection":[{"href":"https:\/\/zahnarzt-neukloster.de\/index.php?rest_route=\/wp\/v2\/pages"}],"about":[{"href":"https:\/\/zahnarzt-neukloster.de\/index.php?rest_route=\/wp\/v2\/types\/page"}],"author":[{"embeddable":true,"href":"https:\/\/zahnarzt-neukloster.de\/index.php?rest_route=\/wp\/v2\/users\/1"}],"replies":[{"embeddable":true,"href":"https:\/\/zahnarzt-neukloster.de\/index.php?rest_route=%2Fwp%2Fv2%2Fcomments&post=112"}],"version-history":[{"count":3,"href":"https:\/\/zahnarzt-neukloster.de\/index.php?rest_route=\/wp\/v2\/pages\/112\/revisions"}],"predecessor-version":[{"id":116,"href":"https:\/\/zahnarzt-neukloster.de\/index.php?rest_route=\/wp\/v2\/pages\/112\/revisions\/116"}],"up":[{"embeddable":true,"href":"https:\/\/zahnarzt-neukloster.de\/index.php?rest_route=\/wp\/v2\/pages\/73"}],"wp:attachment":[{"href":"https:\/\/zahnarzt-neukloster.de\/index.php?rest_route=%2Fwp%2Fv2%2Fmedia&parent=112"}],"curies":[{"name":"wp","href":"https:\/\/api.w.org\/{rel}","templated":true}]}}