{"id":109,"date":"2019-05-04T20:38:19","date_gmt":"2019-05-04T20:38:19","guid":{"rendered":"https:\/\/zahnarzt-neukloster.de\/?page_id=109"},"modified":"2019-05-04T20:42:15","modified_gmt":"2019-05-04T20:42:15","slug":"wurzelbehandlung","status":"publish","type":"page","link":"https:\/\/zahnarzt-neukloster.de\/?page_id=109","title":{"rendered":"Wurzelbehandlung"},"content":{"rendered":"<h3>Endodontie<\/h3>\n<p align=\"justify\">Kein Zahnersatz kann so vertr\u00e4glich sein wie die eigenen Z\u00e4hne. Daher muss die Erhaltung der eigenen Zahnsubstanz im Vordergrund stehen. Ein Zahn besteht \u2013 au\u00dferhalb des Zahnfleisches \u2013 aus der sog. Zahnkrone und innerhalb des Knochens aus einer oder mehreren Zahnwurzeln. Im Inneren befindet sich der Zahnnerv (Pulpa).<\/p>\n<p align=\"justify\">Bei Erkrankungen des Zahnes \u2013 meistens durch Kariesbakterien \u2013 kann sich dieser Nerv entz\u00fcnden oder sogar absterben. Derartige Infektionen m\u00fcssen mit einer sogenannten Wurzelkanalbehandlung behandelt werden und die haarkleinen Wurzelkan\u00e4le bis zur Wurzelspitze sorgf\u00e4ltig gereinigt, erweitert, desinfiziert und sp\u00e4ter mit einer sog. Wurzelkanalf\u00fcllung versorgt werden.<\/p>\n<p align=\"justify\">So kann in vielen F\u00e4llen durch eine Wurzelkanalbehandlung eine Zahnextraktion vermieden werden. Durch moderne Techniken, wie die elektronische L\u00e4ngenbestimmung und die Verwendung des Dentalmikroskopes, wird durch h\u00f6chste Pr\u00e4zision die Erfolgsquote dieser Behandlung deutlich gesteigert. Ein so behandelter Zahn steht in vielen F\u00e4llen einem gesunden Zahn in nichts nach.<\/p>\n<p><img loading=\"lazy\" decoding=\"async\" class=\" wp-image-110 aligncenter\" style=\"text-align: justify;\" src=\"https:\/\/zahnarzt-neukloster.de\/wp-content\/uploads\/2019\/05\/Dr.-Daniel-Welly-Mikroskop-300x200.jpg\" alt=\"\" width=\"599\" height=\"399\" srcset=\"https:\/\/zahnarzt-neukloster.de\/wp-content\/uploads\/2019\/05\/Dr.-Daniel-Welly-Mikroskop-300x200.jpg 300w, https:\/\/zahnarzt-neukloster.de\/wp-content\/uploads\/2019\/05\/Dr.-Daniel-Welly-Mikroskop-768x513.jpg 768w, https:\/\/zahnarzt-neukloster.de\/wp-content\/uploads\/2019\/05\/Dr.-Daniel-Welly-Mikroskop-1024x683.jpg 1024w, https:\/\/zahnarzt-neukloster.de\/wp-content\/uploads\/2019\/05\/Dr.-Daniel-Welly-Mikroskop-750x501.jpg 750w, https:\/\/zahnarzt-neukloster.de\/wp-content\/uploads\/2019\/05\/Dr.-Daniel-Welly-Mikroskop-272x182.jpg 272w, https:\/\/zahnarzt-neukloster.de\/wp-content\/uploads\/2019\/05\/Dr.-Daniel-Welly-Mikroskop.jpg 1798w\" sizes=\"auto, (max-width: 599px) 100vw, 599px\" \/><\/p>\n","protected":false},"excerpt":{"rendered":"<p>Endodontie Kein Zahnersatz kann so vertr\u00e4glich sein wie die eigenen Z\u00e4hne. Daher muss die Erhaltung der eigenen Zahnsubstanz im Vordergrund stehen. Ein Zahn besteht \u2013 au\u00dferhalb des Zahnfleisches \u2013 aus der sog. Zahnkrone und innerhalb des Knochens aus einer oder mehreren Zahnwurzeln. Im Inneren befindet sich der Zahnnerv (Pulpa). Bei Erkrankungen des Zahnes \u2013 meistens<\/p>\n","protected":false},"author":1,"featured_media":0,"parent":73,"menu_order":0,"comment_status":"closed","ping_status":"closed","template":"","meta":{"footnotes":""},"class_list":["post-109","page","type-page","status-publish","hentry"],"_links":{"self":[{"href":"https:\/\/zahnarzt-neukloster.de\/index.php?rest_route=\/wp\/v2\/pages\/109","targetHints":{"allow":["GET"]}}],"collection":[{"href":"https:\/\/zahnarzt-neukloster.de\/index.php?rest_route=\/wp\/v2\/pages"}],"about":[{"href":"https:\/\/zahnarzt-neukloster.de\/index.php?rest_route=\/wp\/v2\/types\/page"}],"author":[{"embeddable":true,"href":"https:\/\/zahnarzt-neukloster.de\/index.php?rest_route=\/wp\/v2\/users\/1"}],"replies":[{"embeddable":true,"href":"https:\/\/zahnarzt-neukloster.de\/index.php?rest_route=%2Fwp%2Fv2%2Fcomments&post=109"}],"version-history":[{"count":1,"href":"https:\/\/zahnarzt-neukloster.de\/index.php?rest_route=\/wp\/v2\/pages\/109\/revisions"}],"predecessor-version":[{"id":111,"href":"https:\/\/zahnarzt-neukloster.de\/index.php?rest_route=\/wp\/v2\/pages\/109\/revisions\/111"}],"up":[{"embeddable":true,"href":"https:\/\/zahnarzt-neukloster.de\/index.php?rest_route=\/wp\/v2\/pages\/73"}],"wp:attachment":[{"href":"https:\/\/zahnarzt-neukloster.de\/index.php?rest_route=%2Fwp%2Fv2%2Fmedia&parent=109"}],"curies":[{"name":"wp","href":"https:\/\/api.w.org\/{rel}","templated":true}]}}